{"id":210,"date":"2017-01-21T16:59:34","date_gmt":"2017-01-21T16:59:34","guid":{"rendered":"http:\/\/xn--mhrli-jua.ch\/egorov\/?page_id=210"},"modified":"2025-07-25T15:18:39","modified_gmt":"2025-07-25T15:18:39","slug":"biografie","status":"publish","type":"page","link":"http:\/\/www.egorov.ch\/egorov\/biografie\/","title":{"rendered":"Biografie"},"content":{"rendered":"<h3>\u00a0<img loading=\"lazy\" decoding=\"async\" class=\"alignnone size-medium wp-image-1923\" src=\"http:\/\/www.egorov.ch\/egorov\/wp-content\/uploads\/2022\/10\/Alex_2_10_2022-1-300x267.jpg\" alt=\"\" width=\"300\" height=\"267\" srcset=\"http:\/\/www.egorov.ch\/egorov\/wp-content\/uploads\/2022\/10\/Alex_2_10_2022-1-300x267.jpg 300w, http:\/\/www.egorov.ch\/egorov\/wp-content\/uploads\/2022\/10\/Alex_2_10_2022-1-1024x910.jpg 1024w, http:\/\/www.egorov.ch\/egorov\/wp-content\/uploads\/2022\/10\/Alex_2_10_2022-1-768x682.jpg 768w, http:\/\/www.egorov.ch\/egorov\/wp-content\/uploads\/2022\/10\/Alex_2_10_2022-1-1536x1365.jpg 1536w, http:\/\/www.egorov.ch\/egorov\/wp-content\/uploads\/2022\/10\/Alex_2_10_2022-1.jpg 1983w\" sizes=\"auto, (max-width: 300px) 100vw, 300px\" \/><\/h3>\n<p><strong>Alexandre Egorov (31.12.1954, St. Petersburg)<\/strong><\/p>\n<p data-start=\"190\" data-end=\"655\">Alexander Egorov, geboren 1954 in Leningrad, ist ein vielseitiger K\u00fcnstler, Ingenieur und Forscher der menschlichen Natur. Seine k\u00fcnstlerische Ausbildung erhielt er im Kunststudio von Lew Owtschinnikow sowie als Grafiker an der Leningrader Kunstakademie. Er arbeitete als Trickfilmzeichner im Studio f\u00fcr Popul\u00e4rwissenschaftliche Filme \u201eLennautschfilm\u201c in Leningrad und unterst\u00fctzte Walentina Bilitschenko bei der Gr\u00fcndung des Museums <em data-start=\"624\" data-end=\"654\">\u201eAnna Achmatowa. Silver Age\u201c<\/em>.<\/p>\n<p data-start=\"657\" data-end=\"852\">Als erster K\u00fcnstler entwarf Egorov ein eigenst\u00e4ndiges russisches Tarot-Deck \u2013 das \u201eEgorov Tarot\u201c bzw. \u201eEgorov Golden Russian Tarot Deck\u201c, das 1992 vom Verlag Piatnik in Wien ver\u00f6ffentlicht wurde.<\/p>\n<p data-start=\"854\" data-end=\"1325\">Seine k\u00fcnstlerischen Wurzeln liegen im Silbernen Zeitalter und in der Tradition der Russischen Kosmisten des 19. und 20. Jahrhunderts \u2013 wie Kandinsky, Malewitsch oder Roerich \u2013, deren Werke von der \u00dcberzeugung durchdrungen waren, dass das menschliche Innere kosmischer Natur ist. Dieses Verst\u00e4ndnis bildet auch die Grundlage von Egorovs Schaffen: Kunst als Zeugnis der Einheit allen Seins, als Versuch, Gegens\u00e4tze zu vereinen und die Harmonie der Welt sichtbar zu machen.<\/p>\n<p data-start=\"1327\" data-end=\"1699\">Zur Vertiefung dieser Thematik wurde er 1998 Dzogchen-Praktiker. Seit 2001 lebt und arbeitet er in der Schweiz, wo er seine k\u00fcnstlerische und spirituelle Praxis fortsetzt. In seiner Arbeit verbindet er Kunst, Philosophie und Wissenschaft zu einem ganzheitlichen Zugang, der die Tiefe menschlicher Erfahrung erkundet und den inneren Wandel als sch\u00f6pferische Kraft versteht.<\/p>\n<p><span class=\"aNeGP0gI0B9AV8JaHPyH\" data-src-align=\"0:13\">Die Autobiographie<\/span> <span class=\"aNeGP0gI0B9AV8JaHPyH\" data-src-align=\"14:5\">kann<\/span> <span class=\"aNeGP0gI0B9AV8JaHPyH\" data-src-align=\"20:9\">hier gelesen<\/span> <span class=\"aNeGP0gI0B9AV8JaHPyH\" data-src-align=\"30:5\">werden<\/span>:<\/p>\n<p>https:\/\/archive.org\/details\/autobio-DE<\/p>\n<p>&nbsp;<\/p>\n<p><strong>Tarot-Karten:<\/strong><\/p>\n<p>*Egorov Tarot-Karten (Ferd.Piatnik &amp; S\u00f6hne, Wien) \u2013 1992<\/p>\n<p>*Virgin Tarot-Karten (Sammlung von Stuart R. Kaplan, Stamford) \u2013 1993<\/p>\n<p>*Wanderungen in Arkanas Tarot (Sammlung von Stuart R. Kaplan, Stamford) \u2013 1993<\/p>\n<p>*Russisch Historische Tarot-Karten (Ferd. Piatnik &amp; S\u00f6hne, Wien) \u2013 1994<\/p>\n<p>*M\u00e4rchen Tarotkarten (Ferd. Piatnik &amp; S\u00f6hne, Wien) \u2013 1995<\/p>\n<p>*Duo Zikr Playing Cards (Private Sammlung, St. Petersburg) \u2013 1999<\/p>\n<p>*Alexander Egorov Tarot Cards (Sammlung von Stuart R. Kaplan, Stamford) \u2013 2001<\/p>\n<p><strong>Pers\u00f6nliche Ausstellungen:<\/strong><\/p>\n<p>2014 &#8211; Alte Krone, Biel\/Bienne, die Schweiz<\/p>\n<p>2011 &#8211; Restaurant Schosshalde, Bern, die Schweiz<\/p>\n<p>2010 &#8211; Galerie Weyerhof, Nidau, die Schweiz<\/p>\n<p>2007 &#8211; Galerie Evguenia Pervoushina, Z\u00fcrich, die Schweiz<\/p>\n<p>1999 &#8211; Museum &#8220;Anna Achmatova. Silver Age&#8221;, St. Petersburg, Russland<\/p>\n<p>1998 &#8211; Kasino-Conti, St. Petersburg, Russland<\/p>\n<p>1998 &#8211; Planetarium, St. Petersburg, Russland<\/p>\n<p>1996 &#8211; Galerie &#8220;Art Collegium&#8221;, St. Petersburg, Russland<\/p>\n<p>1996 &#8211; Narva Museum, Narva, Estland<\/p>\n<p>1996 &#8211; Galerie &#8220;G&#8221;, Tallinn, Estland<\/p>\n<p>1994 &#8211; Planetarium, St. Petersburg, Russland<\/p>\n<p><strong>Group Ausstellungen:<\/strong><\/p>\n<p>2020 &#8211; &#8220;Vanguard Today\u00bb, Art Exhibition Hall of the St. Petersburg, Russland<\/p>\n<p>2019 &#8211; &#8220;ART LOVE FORUM&#8221;, Art Exhibition Hall of the St. Petersburg, Russland<\/p>\n<p>2019 &#8211; Swiss Art Expo, Z\u00fcrich, die Schweiz<\/p>\n<p>2019 \u2013 Art Week, Art Exhibition Hall of the St. Petersburg, Russland<\/p>\n<p>2018 &#8211; Mandala-Haus Galerie, Arcidosso, Italien<\/p>\n<p>2017 &#8211; Grebencuk Art Gallery, Basel, die Schweiz<\/p>\n<p>2017 &#8211; 30&#215;30, Gew\u00f6lbe Galerie, Biel\/Bienne, die Schweiz<\/p>\n<p>2016 &#8211; 30&#215;30, Gew\u00f6lbe Galerie, Biel\/Bienne, die Schweiz<\/p>\n<p>2016 &#8211; Museum Anna Achmatowa, St. Petersburg, Russland<\/p>\n<p>2016 &#8211; art mathieu Kunstraum, Olten, die Schweiz<\/p>\n<p>2015 &#8211; \u201eZooArt\u201c, Das Staatliche Museum f\u00fcr St\u00e4dtische Skulptur, St. Petersburg,\u00a0\u00a0\u00a0\u00a0\u00a0\u00a0 Russland<\/p>\n<p>2015 &#8211; Kunst &amp; Kulturraum, Rothenfluh, die Schweiz<\/p>\n<p>2014 &#8211; Festival ArtDialog, Biel\/Bienne, die Schweiz<\/p>\n<p>2014 &#8211; Russischen Art-Woche, zentrales Haus der K\u00fcnstler, Moskau, Russia<\/p>\n<p>2012 &#8211; Reverie-Kunst-Festival, Ligerz, die Schweiz<\/p>\n<p>2011 &#8211; &#8220;Russisches Quadrat&#8221; in der Gew\u00f6lbe Galerie, Biel\/Bienne, die Schweiz<\/p>\n<p>2010 &#8211; Kunst-Supermarkt, Solothurn, die Schweiz<\/p>\n<p>2009 &#8211; Internationales Animations-Festival, Ottawa, Canada<\/p>\n<p>2009 &#8211; One Minute Film &amp; Video Festival, Aarau, die Schweiz<\/p>\n<p>2001 &#8211; Moskau Zentrum von Kunst, Moskau, Russia<\/p>\n<p>1999 &#8211; Russischen Museum, der Stroganow-Palast, St. Petersburg, Russland<\/p>\n<p>1995 &#8211; &#8220;Biennale&#8221; &#8211; &#8220;Manege&#8221;, St. Petersburg, Russland<\/p>\n<p><strong>Arbeiten im Besitz von:<\/strong><\/p>\n<p>Russisches Museum, St. Petersburg, Russland<\/p>\n<p>Planetarium, St. Petersburg, Russland<\/p>\n<p>Museum &#8220;Anna Achmatowa. Silver Age&#8221;, St. Petersbutg, Russland<\/p>\n<p>St Petersburger Kapella, St. Petersburg, Russland<\/p>\n<p>JSC \u201cZavod ATI\u201d, St. Petersburg, Russland<\/p>\n<p>Sammlung von Stuart R. Kaplan, Stamford, USA<\/p>\n<p>Ferd. Piatnik &amp; S\u00f6hne, Wien, \u00d6sterreich<\/p>\n<p>Museum Narwa Burg, Narwa, Estland<\/p>\n<p>Russian Orthodoxen Kirche Nicht berauschenden Kelch, St. Petersburg, Russland<\/p>\n<p>Russian Orthodox Church, Valaam Monastery, Valaam, Russland<\/p>\n<p>Stiftung TRIX, Biel \/ Bienne, die Schweiz<\/p>\n<p>Private Sammlungen<\/p>\n<p><strong>References:<\/strong><\/p>\n<p>*Egorov Tarot, No. 197512, Ferd.Piatnik &amp; S\u00f6hne, Wien, 1992<\/p>\n<p>*Die besten Karten-Katalog, No. 28, U. S. Games Systems, p.25, Stamford, 1992<\/p>\n<p>*Natalie Magazin, No. 22, (S. 13, 13, 24), St. Petersburg &#8211; Paris, 1994<\/p>\n<p>*T. Shechter (\u0422\u0430\u0442\u044c\u044f\u043d\u0430 \u0415\u0444\u0438\u043c\u043e\u0432\u043d\u0430 \u0428\u0435\u0445\u0442\u0435\u0440), Pictarial Kunst des Raumes, St. Petersburg, 1995<\/p>\n<p>*Dialoge, Die zweite Biennale, Main Exhibition Hall &#8220;Manege&#8221;, St. Petersburg, 1995<\/p>\n<p>*Krengolm, No. 46, S. 4, Narva, 1996<\/p>\n<p>*Spiel und Leidenschaft, St. Petersburg-Moskau (pp. 250, 358), 1999, ISBN 5-900872-96-3 (Ru), ISBN 3-930775-62-X (DEU)<\/p>\n<p>*The Encyclopedia of Tarot Stuart R. Kaplan und Jean Huets, Stamford, Volume IV (pp. 57, 153, 203, 315, 316), 2005, ISBN 1-57281-506-X<\/p>\n<p>Alexandre Egorov at the SWISSARTEXPO Z\u00dcRICH 1.0, ARTBOX.PUBLISH Switzerland, 2019, ISBN Nr. 978-3-03899-7<\/p>\n<p>AUSZEICHNUNGEN:<\/p>\n<p><a href=\"http:\/\/www.egorov.ch\/egorov\/wp-content\/uploads\/2020\/01\/Vanguard_Diploma.pdf\">&#8211; Vanguard_Diploma<\/a><\/p>\n<ul>\n<li><img loading=\"lazy\" decoding=\"async\" class=\"alignnone size-medium wp-image-1821\" src=\"http:\/\/www.egorov.ch\/egorov\/wp-content\/uploads\/2020\/01\/Diploma_1_2019-300x211.jpg\" alt=\"\" width=\"300\" height=\"211\" srcset=\"http:\/\/www.egorov.ch\/egorov\/wp-content\/uploads\/2020\/01\/Diploma_1_2019-300x211.jpg 300w, http:\/\/www.egorov.ch\/egorov\/wp-content\/uploads\/2020\/01\/Diploma_1_2019-1024x719.jpg 1024w, http:\/\/www.egorov.ch\/egorov\/wp-content\/uploads\/2020\/01\/Diploma_1_2019-768x539.jpg 768w, http:\/\/www.egorov.ch\/egorov\/wp-content\/uploads\/2020\/01\/Diploma_1_2019-1536x1079.jpg 1536w, http:\/\/www.egorov.ch\/egorov\/wp-content\/uploads\/2020\/01\/Diploma_1_2019.jpg 1874w\" sizes=\"auto, (max-width: 300px) 100vw, 300px\" \/> &#8211;<\/li>\n<li><img loading=\"lazy\" decoding=\"async\" class=\"alignnone size-medium wp-image-1822\" src=\"http:\/\/www.egorov.ch\/egorov\/wp-content\/uploads\/2020\/01\/Diploma_2_2019-300x203.jpg\" alt=\"\" width=\"300\" height=\"203\" srcset=\"http:\/\/www.egorov.ch\/egorov\/wp-content\/uploads\/2020\/01\/Diploma_2_2019-300x203.jpg 300w, http:\/\/www.egorov.ch\/egorov\/wp-content\/uploads\/2020\/01\/Diploma_2_2019-1024x693.jpg 1024w, http:\/\/www.egorov.ch\/egorov\/wp-content\/uploads\/2020\/01\/Diploma_2_2019-768x520.jpg 768w, http:\/\/www.egorov.ch\/egorov\/wp-content\/uploads\/2020\/01\/Diploma_2_2019-1536x1040.jpg 1536w, http:\/\/www.egorov.ch\/egorov\/wp-content\/uploads\/2020\/01\/Diploma_2_2019.jpg 1846w\" sizes=\"auto, (max-width: 300px) 100vw, 300px\" \/><\/li>\n<\/ul>\n","protected":false},"excerpt":{"rendered":"<p>\u00a0 Alexandre Egorov (31.12.1954, St. Petersburg) Alexander Egorov, geboren 1954 in Leningrad, ist ein vielseitiger K\u00fcnstler, Ingenieur und Forscher der menschlichen Natur. Seine k\u00fcnstlerische Ausbildung erhielt er im Kunststudio von Lew Owtschinnikow sowie als Grafiker an der Leningrader Kunstakademie. Er arbeitete als Trickfilmzeichner im Studio f\u00fcr Popul\u00e4rwissenschaftliche Filme \u201eLennautschfilm\u201c in Leningrad und unterst\u00fctzte Walentina Bilitschenko &hellip; <\/p>\n<p class=\"link-more\"><a href=\"http:\/\/www.egorov.ch\/egorov\/biografie\/\" class=\"more-link\">Continue reading<span class=\"screen-reader-text\"> &#8220;Biografie&#8221;<\/span><\/a><\/p>\n","protected":false},"author":1,"featured_media":0,"parent":0,"menu_order":0,"comment_status":"closed","ping_status":"closed","template":"","meta":{"footnotes":""},"class_list":["post-210","page","type-page","status-publish","hentry"],"_links":{"self":[{"href":"http:\/\/www.egorov.ch\/egorov\/wp-json\/wp\/v2\/pages\/210","targetHints":{"allow":["GET"]}}],"collection":[{"href":"http:\/\/www.egorov.ch\/egorov\/wp-json\/wp\/v2\/pages"}],"about":[{"href":"http:\/\/www.egorov.ch\/egorov\/wp-json\/wp\/v2\/types\/page"}],"author":[{"embeddable":true,"href":"http:\/\/www.egorov.ch\/egorov\/wp-json\/wp\/v2\/users\/1"}],"replies":[{"embeddable":true,"href":"http:\/\/www.egorov.ch\/egorov\/wp-json\/wp\/v2\/comments?post=210"}],"version-history":[{"count":29,"href":"http:\/\/www.egorov.ch\/egorov\/wp-json\/wp\/v2\/pages\/210\/revisions"}],"predecessor-version":[{"id":1937,"href":"http:\/\/www.egorov.ch\/egorov\/wp-json\/wp\/v2\/pages\/210\/revisions\/1937"}],"wp:attachment":[{"href":"http:\/\/www.egorov.ch\/egorov\/wp-json\/wp\/v2\/media?parent=210"}],"curies":[{"name":"wp","href":"https:\/\/api.w.org\/{rel}","templated":true}]}}